{"id":825,"date":"2022-01-03T21:04:34","date_gmt":"2022-01-03T21:04:34","guid":{"rendered":"https:\/\/gpsites.co\/freelance\/?page_id=7"},"modified":"2025-09-16T16:46:11","modified_gmt":"2025-09-16T16:46:11","slug":"home","status":"publish","type":"page","link":"https:\/\/ny-bygg.fi\/","title":{"rendered":"Startsida"},"content":{"rendered":"<div class=\"gb-container gb-container-cc53fb6a\">\n<div class=\"gb-container gb-container-f7aed075\">\n<div class=\"gb-container gb-container-ecc82238\">\n\n<h1 class=\"gb-headline gb-headline-cc50ef5c gb-headline-text\">V\u00e4lkommen till Ny-Bygg<\/h1>\n\n\n\n<a class=\"gb-button gb-button-7bce46fb smooth-scroll\" href=\"#projects\"><span class=\"gb-button-text\">Kontakta oss!<\/span><span class=\"gb-icon\"><svg viewBox=\"0 0 16 16\" class=\"bi bi-arrow-down\" fill=\"currentColor\" height=\"16\" width=\"16\" xmlns=\"http:\/\/www.w3.org\/2000\/svg\">   <path d=\"M8 1a.5.5 0 0 1 .5.5v11.793l3.146-3.147a.5.5 0 0 1 .708.708l-4 4a.5.5 0 0 1-.708 0l-4-4a.5.5 0 0 1 .708-.708L7.5 13.293V1.5A.5.5 0 0 1 8 1z\" fill-rule=\"evenodd\"><\/path> <\/svg><\/span><\/a>\n\n<\/div>\n<\/div>\n<\/div>\n\n<div class=\"gb-container gb-container-a9b0dcc5\">\n<div class=\"gb-container gb-container-4c1c73c6\">\n<div class=\"gb-container gb-container-8dce9062\">\n\n<h2 class=\"gb-headline gb-headline-e75b6b4b gb-headline-text\">Ny-Bygg \u2013 Din p\u00e5litliga partner f\u00f6r sanering, nybyggnation och renovering i Raseborg med omnejd<\/h2>\n\n\n\n<p class=\"gb-headline gb-headline-485e6e43 gb-headline-text\">V\u00e4lkommen till Ny-Bygg, ett m\u00e5ngsidigt byggf\u00f6retag som erbjuder h\u00f6gkvalitativa byggtj\u00e4nster inom sanering, nybyggnationer och renoveringar. Vi har en passion f\u00f6r att leverera skr\u00e4ddarsydda l\u00f6sningar som m\u00f6ter dina behov och \u00f6vertr\u00e4ffar dina f\u00f6rv\u00e4ntningar. Vi \u00e4r verksamma i Raseborg med omnejd och finns h\u00e4r f\u00f6r att hj\u00e4lpa dig f\u00f6rverkliga dina byggprojekt.<\/p>\n\n<\/div>\n<\/div>\n<\/div>\n\n<div class=\"gb-container gb-container-d8763dbc\" id=\"services\">\n<div class=\"gb-container gb-container-56bba240\">\n\n<figure class=\"gb-block-image gb-block-image-d554be40\"><img loading=\"lazy\" decoding=\"async\" width=\"2560\" height=\"1703\" class=\"gb-image gb-image-d554be40\" src=\"https:\/\/ny-bygg.fi\/wp-content\/uploads\/2025\/09\/DSC_2744-scaled.jpg\" alt=\"\" title=\"DSC_2744\" srcset=\"https:\/\/ny-bygg.fi\/wp-content\/uploads\/2025\/09\/DSC_2744-scaled.jpg 2560w, https:\/\/ny-bygg.fi\/wp-content\/uploads\/2025\/09\/DSC_2744-300x200.jpg 300w, https:\/\/ny-bygg.fi\/wp-content\/uploads\/2025\/09\/DSC_2744-1024x681.jpg 1024w, https:\/\/ny-bygg.fi\/wp-content\/uploads\/2025\/09\/DSC_2744-768x511.jpg 768w, https:\/\/ny-bygg.fi\/wp-content\/uploads\/2025\/09\/DSC_2744-1536x1022.jpg 1536w, https:\/\/ny-bygg.fi\/wp-content\/uploads\/2025\/09\/DSC_2744-2048x1362.jpg 2048w\" sizes=\"auto, (max-width: 2560px) 100vw, 2560px\" \/><\/figure>\n\n<\/div>\n\n<div class=\"gb-container gb-container-b22ad8b1\">\n\n<div class=\"gb-headline gb-headline-3450965c gb-headline-text\">Tj\u00e4nster<\/div>\n\n\n\n<h2 class=\"gb-headline gb-headline-00564326 gb-headline-text\">Sanering<\/h2>\n\n\n\n<p class=\"gb-headline gb-headline-1d0df10f gb-headline-text\">Vi erbjuder professionella saneringstj\u00e4nster f\u00f6r att \u00e5terst\u00e4lla fastigheter efter skador eller kontaminering. Vi \u00e4r specialister p\u00e5 att l\u00f6sa renoveringsutmaningar \u2013 stora som sm\u00e5 \u2013 och ser till att arbetet blir tryggt och professionellt utf\u00f6rt.<\/p>\n\n<\/div>\n<\/div>\n\n<div class=\"gb-container gb-container-165c5dd4\" id=\"projects\">\n<div class=\"gb-container gb-container-909ea652\">\n\n<figure class=\"gb-block-image gb-block-image-b874cf59\"><img loading=\"lazy\" decoding=\"async\" width=\"2560\" height=\"1703\" class=\"gb-image gb-image-b874cf59\" src=\"https:\/\/ny-bygg.fi\/wp-content\/uploads\/2025\/09\/DSC_5924-scaled.jpg\" alt=\"\" title=\"DSC_5924\" srcset=\"https:\/\/ny-bygg.fi\/wp-content\/uploads\/2025\/09\/DSC_5924-scaled.jpg 2560w, https:\/\/ny-bygg.fi\/wp-content\/uploads\/2025\/09\/DSC_5924-300x200.jpg 300w, https:\/\/ny-bygg.fi\/wp-content\/uploads\/2025\/09\/DSC_5924-1024x681.jpg 1024w, https:\/\/ny-bygg.fi\/wp-content\/uploads\/2025\/09\/DSC_5924-768x511.jpg 768w, https:\/\/ny-bygg.fi\/wp-content\/uploads\/2025\/09\/DSC_5924-1536x1022.jpg 1536w, https:\/\/ny-bygg.fi\/wp-content\/uploads\/2025\/09\/DSC_5924-2048x1363.jpg 2048w\" sizes=\"auto, (max-width: 2560px) 100vw, 2560px\" \/><\/figure>\n\n<\/div>\n\n<div class=\"gb-container gb-container-ce179fa5\">\n\n<div class=\"gb-headline gb-headline-510384f6 gb-headline-text\">Tj\u00e4nster<\/div>\n\n\n\n<h2 class=\"gb-headline gb-headline-253c3dd8 gb-headline-text\">Nybyggnationer<\/h2>\n\n\n\n<p class=\"gb-headline gb-headline-a8db12a1 gb-headline-text\">Dr\u00f6mmer du om att bygga ett nytt hem eller en stuga? Ny-Bygg f\u00f6rverkligar dina byggdr\u00f6mmar med expertis och noggrannhet. Oavsett om det g\u00e4ller nybyggnation av ett hus, en stockstuga eller en annan byggnad, garanterar vi h\u00e5llbara och kvalitativa resultat.<\/p>\n\n<\/div>\n<\/div>\n\n<div class=\"gb-container gb-container-b2eed36f\" id=\"projects\">\n<div class=\"gb-container gb-container-fdf59d39\">\n\n<figure class=\"gb-block-image gb-block-image-b78fb419\"><img loading=\"lazy\" decoding=\"async\" width=\"1920\" height=\"1277\" class=\"gb-image gb-image-b78fb419\" src=\"https:\/\/ny-bygg.fi\/wp-content\/uploads\/2025\/09\/DSC_6214-2.jpg\" alt=\"\" title=\"DSC_6214\" srcset=\"https:\/\/ny-bygg.fi\/wp-content\/uploads\/2025\/09\/DSC_6214-2.jpg 1920w, https:\/\/ny-bygg.fi\/wp-content\/uploads\/2025\/09\/DSC_6214-2-300x200.jpg 300w, https:\/\/ny-bygg.fi\/wp-content\/uploads\/2025\/09\/DSC_6214-2-1024x681.jpg 1024w, https:\/\/ny-bygg.fi\/wp-content\/uploads\/2025\/09\/DSC_6214-2-768x511.jpg 768w, https:\/\/ny-bygg.fi\/wp-content\/uploads\/2025\/09\/DSC_6214-2-1536x1022.jpg 1536w\" sizes=\"auto, (max-width: 1920px) 100vw, 1920px\" \/><\/figure>\n\n<\/div>\n\n<div class=\"gb-container gb-container-47fa3560\">\n\n<div class=\"gb-headline gb-headline-fdc92be5 gb-headline-text\">Tj\u00e4nster<\/div>\n\n\n\n<h2 class=\"gb-headline gb-headline-6b814d69 gb-headline-text\">Byggtj\u00e4nster<\/h2>\n\n\n\n<p class=\"gb-headline gb-headline-14255512 gb-headline-text\">Ny-Bygg erbjuder ett brett utbud av byggtj\u00e4nster med fokus p\u00e5 kvalitet och h\u00e5llbarhet. Vi har l\u00e5ng erfarenhet av takbyte, vilket inte bara f\u00f6rb\u00e4ttrar husets utseende utan ocks\u00e5 ger det skydd som kr\u00e4vs mot v\u00e4der och vind.<br><br>V\u00e5ra badrumsrenoveringar kombinerar komfort och lyx, och vi hanterar allt fr\u00e5n planering till utf\u00f6rande f\u00f6r att skapa ditt dr\u00f6mbadrum.<br><br>Om du dr\u00f6mmer om en stockstuga bygger vi h\u00e5llbara stugor med noggrannhet och k\u00e4nsla f\u00f6r detaljer. Med v\u00e5r gedigna erfarenhet vet vi vad som \u00e4r viktigt vid byggandet av stockstugor \u2013 och vi kan l\u00f6sa de utmaningar som dyker upp l\u00e4ngs v\u00e4gen.<\/p>\n\n\n\n<p>Vi erbjuder ocks\u00e5 m\u00e5lningsarbeten av h\u00f6g kvalitet, b\u00e5de inv\u00e4ndigt och utv\u00e4ndigt, med en finish som h\u00e5ller l\u00e4nge.<br><br><strong>V\u00e4lj Ny-Bygg f\u00f6r p\u00e5litliga byggtj\u00e4nster som varar.<\/strong><\/p>\n\n<\/div>\n<\/div>\n\n<div class=\"gb-container gb-container-4e2df4f3\" id=\"references\">\n<div class=\"gb-container gb-container-8d57e965\">\n<div class=\"gb-container gb-container-f6599b9d\">\n\n<div class=\"gb-headline gb-headline-5643abe5 gb-headline-text\">Referenser<\/div>\n\n<\/div>\n\n<div class=\"gb-container gb-container-3581e5cb\">\n\n<p class=\"gb-headline gb-headline-b05d07d3 gb-headline-text\">&#8221;Ty\u00f6n laatu erinomaista ja asiat tehd\u00e4\u00e4n niinkuin on sovittu!&#8221;<\/p>\n\n\n<div class=\"gb-container gb-container-f3ede243\">\n<div class=\"gb-container gb-container-2c3fa8b6\"><div class=\"gb-inside-container\">\n\n<p class=\"gb-headline gb-headline-76e979d8 gb-headline-text\">Ilari<\/p>\n\n<\/div><\/div>\n<\/div>\n<\/div>\n\n<div class=\"gb-container gb-container-8ca024dd\">\n\n<p class=\"gb-headline gb-headline-46bd33b0 gb-headline-text\">&#8221;Tack f\u00f6r det p\u00e5litliga jobbet b\u00e5de i bastun och i huset! Nu kan jag njuta av sommaren, d\u00e5 s\u00e5 mycket \u00e4r renoverat i Bromarv. Jag hoppas kunna kontakta er \u00e4ven f\u00f6r framtida arbeten. Trevlig sommar!&#8221;<\/p>\n\n\n<div class=\"gb-container gb-container-353128f4\">\n<div class=\"gb-container gb-container-17d939ee\"><div class=\"gb-inside-container\">\n\n<p class=\"gb-headline gb-headline-de2375d4 gb-headline-text\">Satu<\/p>\n\n<\/div><\/div>\n<\/div>\n<\/div>\n<\/div>\n<\/div>\n\n\n<figure class=\"wp-block-gallery has-nested-images columns-5 is-cropped wp-block-gallery-1 is-layout-flex wp-block-gallery-is-layout-flex\" id=\"gallery\">\n<figure class=\"wp-block-image size-large\"><img loading=\"lazy\" decoding=\"async\" width=\"1024\" height=\"681\" data-id=\"947\" src=\"https:\/\/ny-bygg.fi\/wp-content\/uploads\/2025\/09\/DSC_6247-1024x681.jpg\" alt=\"\" class=\"wp-image-947\" srcset=\"https:\/\/ny-bygg.fi\/wp-content\/uploads\/2025\/09\/DSC_6247-1024x681.jpg 1024w, https:\/\/ny-bygg.fi\/wp-content\/uploads\/2025\/09\/DSC_6247-300x200.jpg 300w, https:\/\/ny-bygg.fi\/wp-content\/uploads\/2025\/09\/DSC_6247-768x511.jpg 768w, https:\/\/ny-bygg.fi\/wp-content\/uploads\/2025\/09\/DSC_6247-1536x1022.jpg 1536w, https:\/\/ny-bygg.fi\/wp-content\/uploads\/2025\/09\/DSC_6247.jpg 1920w\" sizes=\"auto, (max-width: 1024px) 100vw, 1024px\" \/><\/figure>\n\n\n\n<figure class=\"wp-block-image size-large\"><img loading=\"lazy\" decoding=\"async\" width=\"1024\" height=\"681\" data-id=\"934\" src=\"https:\/\/ny-bygg.fi\/wp-content\/uploads\/2025\/09\/DSC_3360-1024x681.jpg\" alt=\"\" class=\"wp-image-934\" srcset=\"https:\/\/ny-bygg.fi\/wp-content\/uploads\/2025\/09\/DSC_3360-1024x681.jpg 1024w, https:\/\/ny-bygg.fi\/wp-content\/uploads\/2025\/09\/DSC_3360-300x200.jpg 300w, https:\/\/ny-bygg.fi\/wp-content\/uploads\/2025\/09\/DSC_3360-768x511.jpg 768w, https:\/\/ny-bygg.fi\/wp-content\/uploads\/2025\/09\/DSC_3360-1536x1022.jpg 1536w, https:\/\/ny-bygg.fi\/wp-content\/uploads\/2025\/09\/DSC_3360.jpg 1920w\" sizes=\"auto, (max-width: 1024px) 100vw, 1024px\" \/><\/figure>\n\n\n\n<figure class=\"wp-block-image size-large\"><img loading=\"lazy\" decoding=\"async\" width=\"1024\" height=\"681\" data-id=\"935\" src=\"https:\/\/ny-bygg.fi\/wp-content\/uploads\/2025\/09\/DSC_2929-1024x681.jpg\" alt=\"\" class=\"wp-image-935\" srcset=\"https:\/\/ny-bygg.fi\/wp-content\/uploads\/2025\/09\/DSC_2929-1024x681.jpg 1024w, https:\/\/ny-bygg.fi\/wp-content\/uploads\/2025\/09\/DSC_2929-300x200.jpg 300w, https:\/\/ny-bygg.fi\/wp-content\/uploads\/2025\/09\/DSC_2929-768x511.jpg 768w, https:\/\/ny-bygg.fi\/wp-content\/uploads\/2025\/09\/DSC_2929-1536x1022.jpg 1536w, https:\/\/ny-bygg.fi\/wp-content\/uploads\/2025\/09\/DSC_2929.jpg 1920w\" sizes=\"auto, (max-width: 1024px) 100vw, 1024px\" \/><\/figure>\n\n\n\n<figure class=\"wp-block-image size-large\"><img loading=\"lazy\" decoding=\"async\" width=\"1024\" height=\"681\" data-id=\"936\" src=\"https:\/\/ny-bygg.fi\/wp-content\/uploads\/2025\/09\/DSC_5885-1024x681.jpg\" alt=\"\" class=\"wp-image-936\" srcset=\"https:\/\/ny-bygg.fi\/wp-content\/uploads\/2025\/09\/DSC_5885-1024x681.jpg 1024w, https:\/\/ny-bygg.fi\/wp-content\/uploads\/2025\/09\/DSC_5885-300x200.jpg 300w, https:\/\/ny-bygg.fi\/wp-content\/uploads\/2025\/09\/DSC_5885-768x511.jpg 768w, https:\/\/ny-bygg.fi\/wp-content\/uploads\/2025\/09\/DSC_5885-1536x1022.jpg 1536w, https:\/\/ny-bygg.fi\/wp-content\/uploads\/2025\/09\/DSC_5885.jpg 1920w\" sizes=\"auto, (max-width: 1024px) 100vw, 1024px\" \/><\/figure>\n\n\n\n<figure class=\"wp-block-image size-large\"><img loading=\"lazy\" decoding=\"async\" width=\"1024\" height=\"681\" data-id=\"939\" src=\"https:\/\/ny-bygg.fi\/wp-content\/uploads\/2025\/09\/DSC_6213-1024x681.jpg\" alt=\"\" class=\"wp-image-939\" srcset=\"https:\/\/ny-bygg.fi\/wp-content\/uploads\/2025\/09\/DSC_6213-1024x681.jpg 1024w, https:\/\/ny-bygg.fi\/wp-content\/uploads\/2025\/09\/DSC_6213-300x200.jpg 300w, https:\/\/ny-bygg.fi\/wp-content\/uploads\/2025\/09\/DSC_6213-768x511.jpg 768w, https:\/\/ny-bygg.fi\/wp-content\/uploads\/2025\/09\/DSC_6213-1536x1022.jpg 1536w, https:\/\/ny-bygg.fi\/wp-content\/uploads\/2025\/09\/DSC_6213.jpg 1920w\" sizes=\"auto, (max-width: 1024px) 100vw, 1024px\" \/><\/figure>\n\n\n\n<figure class=\"wp-block-image size-large\"><img loading=\"lazy\" decoding=\"async\" width=\"1024\" height=\"681\" data-id=\"941\" src=\"https:\/\/ny-bygg.fi\/wp-content\/uploads\/2025\/09\/DSC_2836-1024x681.jpg\" alt=\"\" class=\"wp-image-941\" srcset=\"https:\/\/ny-bygg.fi\/wp-content\/uploads\/2025\/09\/DSC_2836-1024x681.jpg 1024w, https:\/\/ny-bygg.fi\/wp-content\/uploads\/2025\/09\/DSC_2836-300x200.jpg 300w, https:\/\/ny-bygg.fi\/wp-content\/uploads\/2025\/09\/DSC_2836-768x511.jpg 768w, https:\/\/ny-bygg.fi\/wp-content\/uploads\/2025\/09\/DSC_2836-1536x1022.jpg 1536w, https:\/\/ny-bygg.fi\/wp-content\/uploads\/2025\/09\/DSC_2836.jpg 1920w\" sizes=\"auto, (max-width: 1024px) 100vw, 1024px\" \/><\/figure>\n\n\n\n<figure class=\"wp-block-image size-large\"><img loading=\"lazy\" decoding=\"async\" width=\"1024\" height=\"681\" data-id=\"942\" src=\"https:\/\/ny-bygg.fi\/wp-content\/uploads\/2025\/09\/DSC_6190-1024x681.jpg\" alt=\"\" class=\"wp-image-942\" srcset=\"https:\/\/ny-bygg.fi\/wp-content\/uploads\/2025\/09\/DSC_6190-1024x681.jpg 1024w, https:\/\/ny-bygg.fi\/wp-content\/uploads\/2025\/09\/DSC_6190-300x200.jpg 300w, https:\/\/ny-bygg.fi\/wp-content\/uploads\/2025\/09\/DSC_6190-768x511.jpg 768w, https:\/\/ny-bygg.fi\/wp-content\/uploads\/2025\/09\/DSC_6190-1536x1022.jpg 1536w, https:\/\/ny-bygg.fi\/wp-content\/uploads\/2025\/09\/DSC_6190.jpg 1920w\" sizes=\"auto, (max-width: 1024px) 100vw, 1024px\" \/><\/figure>\n\n\n\n<figure class=\"wp-block-image size-large\"><img loading=\"lazy\" decoding=\"async\" width=\"1024\" height=\"681\" data-id=\"944\" src=\"https:\/\/ny-bygg.fi\/wp-content\/uploads\/2025\/09\/DSC_2768-1024x681.jpg\" alt=\"\" class=\"wp-image-944\" srcset=\"https:\/\/ny-bygg.fi\/wp-content\/uploads\/2025\/09\/DSC_2768-1024x681.jpg 1024w, https:\/\/ny-bygg.fi\/wp-content\/uploads\/2025\/09\/DSC_2768-300x200.jpg 300w, https:\/\/ny-bygg.fi\/wp-content\/uploads\/2025\/09\/DSC_2768-768x511.jpg 768w, https:\/\/ny-bygg.fi\/wp-content\/uploads\/2025\/09\/DSC_2768-1536x1022.jpg 1536w, https:\/\/ny-bygg.fi\/wp-content\/uploads\/2025\/09\/DSC_2768.jpg 1920w\" sizes=\"auto, (max-width: 1024px) 100vw, 1024px\" \/><\/figure>\n\n\n\n<figure class=\"wp-block-image size-large\"><img loading=\"lazy\" decoding=\"async\" width=\"1024\" height=\"681\" data-id=\"943\" src=\"https:\/\/ny-bygg.fi\/wp-content\/uploads\/2025\/09\/DSC_2772-1024x681.jpg\" alt=\"\" class=\"wp-image-943\" srcset=\"https:\/\/ny-bygg.fi\/wp-content\/uploads\/2025\/09\/DSC_2772-1024x681.jpg 1024w, https:\/\/ny-bygg.fi\/wp-content\/uploads\/2025\/09\/DSC_2772-300x200.jpg 300w, https:\/\/ny-bygg.fi\/wp-content\/uploads\/2025\/09\/DSC_2772-768x511.jpg 768w, https:\/\/ny-bygg.fi\/wp-content\/uploads\/2025\/09\/DSC_2772-1536x1022.jpg 1536w, https:\/\/ny-bygg.fi\/wp-content\/uploads\/2025\/09\/DSC_2772.jpg 1920w\" sizes=\"auto, (max-width: 1024px) 100vw, 1024px\" \/><\/figure>\n\n\n\n<figure class=\"wp-block-image size-large\"><img loading=\"lazy\" decoding=\"async\" width=\"1024\" height=\"681\" data-id=\"945\" src=\"https:\/\/ny-bygg.fi\/wp-content\/uploads\/2025\/09\/DSC_5905-1024x681.jpg\" alt=\"\" class=\"wp-image-945\" srcset=\"https:\/\/ny-bygg.fi\/wp-content\/uploads\/2025\/09\/DSC_5905-1024x681.jpg 1024w, https:\/\/ny-bygg.fi\/wp-content\/uploads\/2025\/09\/DSC_5905-300x200.jpg 300w, https:\/\/ny-bygg.fi\/wp-content\/uploads\/2025\/09\/DSC_5905-768x511.jpg 768w, https:\/\/ny-bygg.fi\/wp-content\/uploads\/2025\/09\/DSC_5905-1536x1022.jpg 1536w, https:\/\/ny-bygg.fi\/wp-content\/uploads\/2025\/09\/DSC_5905.jpg 1920w\" sizes=\"auto, (max-width: 1024px) 100vw, 1024px\" \/><\/figure>\n<\/figure>\n\n\n<div class=\"gb-container gb-container-f1dabf50 alignwide\">\n\n<div class=\"wp-block-contact-form-7-contact-form-selector\">\n<div class=\"wpcf7 no-js\" id=\"wpcf7-f893-o1\" lang=\"\" dir=\"ltr\">\n<div class=\"screen-reader-response\"><p role=\"status\" aria-live=\"polite\" aria-atomic=\"true\"><\/p> <ul><\/ul><\/div>\n<form action=\"\/index.php\/wp-json\/wp\/v2\/pages\/825#wpcf7-f893-o1\" method=\"post\" class=\"wpcf7-form init\" aria-label=\"Kontaktformul\u00e4r\" novalidate=\"novalidate\" data-status=\"init\">\n<div style=\"display: none;\">\n<input type=\"hidden\" name=\"_wpcf7\" value=\"893\" \/>\n<input type=\"hidden\" name=\"_wpcf7_version\" value=\"5.9.8\" \/>\n<input type=\"hidden\" name=\"_wpcf7_locale\" value=\"\" \/>\n<input type=\"hidden\" name=\"_wpcf7_unit_tag\" value=\"wpcf7-f893-o1\" \/>\n<input type=\"hidden\" name=\"_wpcf7_container_post\" value=\"0\" \/>\n<input type=\"hidden\" name=\"_wpcf7_posted_data_hash\" value=\"\" \/>\n<\/div>\n<p><label> Namn<br \/>\n<span class=\"wpcf7-form-control-wrap\" data-name=\"your-name\"><input size=\"40\" maxlength=\"400\" class=\"wpcf7-form-control wpcf7-text wpcf7-validates-as-required\" autocomplete=\"name\" aria-required=\"true\" aria-invalid=\"false\" value=\"\" type=\"text\" name=\"your-name\" \/><\/span> <\/label>\n<\/p>\n<p><label> E-post<br \/>\n<span class=\"wpcf7-form-control-wrap\" data-name=\"your-email\"><input size=\"40\" maxlength=\"400\" class=\"wpcf7-form-control wpcf7-email wpcf7-validates-as-required wpcf7-text wpcf7-validates-as-email\" autocomplete=\"email\" aria-required=\"true\" aria-invalid=\"false\" value=\"\" type=\"email\" name=\"your-email\" \/><\/span> <\/label>\n<\/p>\n<p><label> \u00c4mne<br \/>\n<span class=\"wpcf7-form-control-wrap\" data-name=\"your-subject\"><input size=\"40\" maxlength=\"400\" class=\"wpcf7-form-control wpcf7-text wpcf7-validates-as-required\" aria-required=\"true\" aria-invalid=\"false\" value=\"\" type=\"text\" name=\"your-subject\" \/><\/span> <\/label>\n<\/p>\n<p><label> Meddelande<br \/>\n<span class=\"wpcf7-form-control-wrap\" data-name=\"your-message\"><textarea cols=\"40\" rows=\"10\" maxlength=\"2000\" class=\"wpcf7-form-control wpcf7-textarea\" aria-invalid=\"false\" name=\"your-message\"><\/textarea><\/span> <\/label>\n<\/p>\n<p><input class=\"wpcf7-form-control wpcf7-submit has-spinner\" type=\"submit\" value=\"Skicka\" \/>\n<\/p><div class=\"wpcf7-response-output\" aria-hidden=\"true\"><\/div>\n<\/form>\n<\/div>\n<\/div>\n\n<\/div>","protected":false},"excerpt":{"rendered":"<p>V\u00e4lkommen till Ny-Bygg Ny-Bygg \u2013 Din p\u00e5litliga partner f\u00f6r sanering, nybyggnation och renovering i Raseborg med omnejd V\u00e4lkommen till Ny-Bygg, ett m\u00e5ngsidigt byggf\u00f6retag som erbjuder h\u00f6gkvalitativa byggtj\u00e4nster inom sanering, nybyggnationer och renoveringar. Vi har en passion f\u00f6r att leverera skr\u00e4ddarsydda &#8230; <a title=\"Startsida\" class=\"read-more\" href=\"https:\/\/ny-bygg.fi\/\" aria-label=\"L\u00e4s mer om Startsida\">L\u00e4s mer<\/a><\/p>\n","protected":false},"author":1,"featured_media":0,"parent":0,"menu_order":0,"comment_status":"closed","ping_status":"closed","template":"","meta":{"footnotes":""},"class_list":["post-825","page","type-page","status-publish"],"_links":{"self":[{"href":"https:\/\/ny-bygg.fi\/index.php\/wp-json\/wp\/v2\/pages\/825","targetHints":{"allow":["GET"]}}],"collection":[{"href":"https:\/\/ny-bygg.fi\/index.php\/wp-json\/wp\/v2\/pages"}],"about":[{"href":"https:\/\/ny-bygg.fi\/index.php\/wp-json\/wp\/v2\/types\/page"}],"author":[{"embeddable":true,"href":"https:\/\/ny-bygg.fi\/index.php\/wp-json\/wp\/v2\/users\/1"}],"replies":[{"embeddable":true,"href":"https:\/\/ny-bygg.fi\/index.php\/wp-json\/wp\/v2\/comments?post=825"}],"version-history":[{"count":33,"href":"https:\/\/ny-bygg.fi\/index.php\/wp-json\/wp\/v2\/pages\/825\/revisions"}],"predecessor-version":[{"id":963,"href":"https:\/\/ny-bygg.fi\/index.php\/wp-json\/wp\/v2\/pages\/825\/revisions\/963"}],"wp:attachment":[{"href":"https:\/\/ny-bygg.fi\/index.php\/wp-json\/wp\/v2\/media?parent=825"}],"curies":[{"name":"wp","href":"https:\/\/api.w.org\/{rel}","templated":true}]}}